{"id":3143,"date":"2021-04-28T04:30:04","date_gmt":"2021-04-28T02:30:04","guid":{"rendered":"https:\/\/www.techservsn.com\/?post_type=product&#038;p=3143"},"modified":"2021-06-15T02:49:14","modified_gmt":"2021-06-15T00:49:14","slug":"bd-phoenix-m50","status":"publish","type":"product","link":"https:\/\/www.techservsn.com\/en\/produit\/bd-phoenix-m50\/","title":{"rendered":"BD Phoenix\u2122 M50"},"content":{"rendered":"","protected":false},"excerpt":{"rendered":"<p>BD Phoenix\u2122 M50<br \/>\nBD Phoenix\u2122 syst\u00e8me automatis\u00e9 de microbiologie M50 , avec sa technologie unique pour les tests de susceptibilit\u00e9, fournit une grande pr\u00e9cision combin\u00e9e avec un temps rapide pour en r\u00e9sulter. \u00c9tant donn\u00e9 que le SARM, l\u2019ERV et la b\u00eata-lactamase \u00e0 spectre \u00e9tendu (ESBL) sont les marqueurs de r\u00e9sistance les plus importants li\u00e9s aux IA, la performance du syst\u00e8me ID-AST du laboratoire pour d\u00e9tecter ces m\u00e9canismes est essentielle.<\/p>\n","protected":false},"featured_media":3236,"template":"","meta":[],"product_brand":[],"product_cat":[123],"product_tag":[],"class_list":{"0":"post-3143","1":"product","2":"type-product","3":"status-publish","4":"has-post-thumbnail","6":"product_cat-bacteriologie","8":"first","9":"instock","10":"virtual","11":"product-type-simple"},"_links":{"self":[{"href":"https:\/\/www.techservsn.com\/en\/wp-json\/wp\/v2\/product\/3143","targetHints":{"allow":["GET"]}}],"collection":[{"href":"https:\/\/www.techservsn.com\/en\/wp-json\/wp\/v2\/product"}],"about":[{"href":"https:\/\/www.techservsn.com\/en\/wp-json\/wp\/v2\/types\/product"}],"wp:featuredmedia":[{"embeddable":true,"href":"https:\/\/www.techservsn.com\/en\/wp-json\/wp\/v2\/media\/3236"}],"wp:attachment":[{"href":"https:\/\/www.techservsn.com\/en\/wp-json\/wp\/v2\/media?parent=3143"}],"wp:term":[{"taxonomy":"product_brand","embeddable":true,"href":"https:\/\/www.techservsn.com\/en\/wp-json\/wp\/v2\/product_brand?post=3143"},{"taxonomy":"product_cat","embeddable":true,"href":"https:\/\/www.techservsn.com\/en\/wp-json\/wp\/v2\/product_cat?post=3143"},{"taxonomy":"product_tag","embeddable":true,"href":"https:\/\/www.techservsn.com\/en\/wp-json\/wp\/v2\/product_tag?post=3143"}],"curies":[{"name":"wp","href":"https:\/\/api.w.org\/{rel}","templated":true}]}}