{"id":3128,"date":"2021-04-28T04:30:03","date_gmt":"2021-04-28T02:30:03","guid":{"rendered":"https:\/\/www.techservsn.com\/?post_type=product&#038;p=3128"},"modified":"2021-05-19T01:26:44","modified_gmt":"2021-05-18T23:26:44","slug":"signa-creator","status":"publish","type":"product","link":"https:\/\/www.techservsn.com\/en\/produit\/signa-creator\/","title":{"rendered":"Signa Creator"},"content":{"rendered":"","protected":false},"excerpt":{"rendered":"<p> Avancez et cr\u00e9er votre avenir dans l\u2019imagerie.<br \/>\nRencontrez SIGNA Creator, nomm\u00e9 pour sa capacit\u00e9 \u00e0 vous aider \u00e0 cr\u00e9er un nouvel avenir diagnostique.<br \/>\nSimplifiez l\u2019imagerie de diffusion du corps entier avec eDWI en aussi peu que 7 minutes.<br \/>\nConstruit avec l\u2019ADN de SIGNA, le pionnier du MR syst\u00e8mes, SIGNA Creator emballe le punch diagnostique de technologie MR de pointe.<br \/>\nIl couvre une impressionnante gamme d\u2019applications et offre une excellente image qualit\u00e9 et le confort des patients, tout en am\u00e9liorant le flux de travail et maintenir le co\u00fbt total de possession \u00e0 un niveau bas.<br \/>\nPr\u00e9parez-vous \u00e0 vivre une exp\u00e9rience extraordinaire de syst\u00e8me de MR de base qui ouvrira tout un nouveau monde d\u2019opportunit\u00e9s.<\/p>\n<p style=\"text-align: center;\"><a class=\"button\" style=\"background: #103178; color: #ffffff; border-color: #103178;\" href=\"#\" target=\"_blank\" rel=\"noopener\">Voire la fiche technique<\/a><\/p>\n","protected":false},"featured_media":3189,"template":"","meta":[],"product_brand":[],"product_cat":[120],"product_tag":[],"class_list":{"0":"post-3128","1":"product","2":"type-product","3":"status-publish","4":"has-post-thumbnail","6":"product_cat-irm","8":"first","9":"instock","10":"virtual","11":"product-type-simple"},"_links":{"self":[{"href":"https:\/\/www.techservsn.com\/en\/wp-json\/wp\/v2\/product\/3128","targetHints":{"allow":["GET"]}}],"collection":[{"href":"https:\/\/www.techservsn.com\/en\/wp-json\/wp\/v2\/product"}],"about":[{"href":"https:\/\/www.techservsn.com\/en\/wp-json\/wp\/v2\/types\/product"}],"wp:featuredmedia":[{"embeddable":true,"href":"https:\/\/www.techservsn.com\/en\/wp-json\/wp\/v2\/media\/3189"}],"wp:attachment":[{"href":"https:\/\/www.techservsn.com\/en\/wp-json\/wp\/v2\/media?parent=3128"}],"wp:term":[{"taxonomy":"product_brand","embeddable":true,"href":"https:\/\/www.techservsn.com\/en\/wp-json\/wp\/v2\/product_brand?post=3128"},{"taxonomy":"product_cat","embeddable":true,"href":"https:\/\/www.techservsn.com\/en\/wp-json\/wp\/v2\/product_cat?post=3128"},{"taxonomy":"product_tag","embeddable":true,"href":"https:\/\/www.techservsn.com\/en\/wp-json\/wp\/v2\/product_tag?post=3128"}],"curies":[{"name":"wp","href":"https:\/\/api.w.org\/{rel}","templated":true}]}}