{"id":3127,"date":"2021-04-28T04:30:03","date_gmt":"2021-04-28T02:30:03","guid":{"rendered":"https:\/\/www.techservsn.com\/?post_type=product&#038;p=3127"},"modified":"2021-05-19T01:27:11","modified_gmt":"2021-05-18T23:27:11","slug":"signa-explorer","status":"publish","type":"product","link":"https:\/\/www.techservsn.com\/en\/produit\/signa-explorer\/","title":{"rendered":"Signa Explorer"},"content":{"rendered":"","protected":false},"excerpt":{"rendered":"<p>Lib\u00e9rez-vous des contraintes op\u00e9rationnelles du MR conventionnel pour obtenir des performances d\u2019imagerie toujours exceptionnelles et optimiser le flux de travail avec SIGNA Explorer.<br \/>\nSes outils intuitifs de plug-and-play-like simplifient l\u2019acc\u00e8s \u00e0 sa large gamme de capacit\u00e9s MR, pour produire des images uniformes et de haute qualit\u00e9. Par exemple, la conception de bobine Express Suite permet une couverture exceptionnelle et la p\u00e9n\u00e9tration du signal. Et la s\u00e9lection automatique des bobines permet des examens plus rapides et plus coh\u00e9rents.<br \/>\n\u2022 16 canaux<br \/>\n\u2022 Meilleure homog\u00e9neit\u00e9 d\u2019aimant sur le march\u00e9<br \/>\n\u2022 Meilleure offre en applications avanc\u00e9es<br \/>\n\u2022 Une plateforme r\u00e9cente<br \/>\n\u2022 Des antennes de derni\u00e8re generation<br \/>\n\u2022 Les reconstructeurs les plus rapides du march\u00e9<br \/>\n\u2022 Un syst\u00e8me de refroidissement \u00e9conomique et performant<br \/>\n\u2022 Upgradable<\/p>\n<p style=\"text-align: center;\"><a class=\"button\" style=\"background: #103178; color: #ffffff; border-color: #103178;\" href=\"#\" target=\"_blank\" rel=\"noopener\">Voire la fiche technique<\/a><\/p>\n","protected":false},"featured_media":3174,"template":"","meta":[],"product_brand":[],"product_cat":[120],"product_tag":[],"class_list":{"0":"post-3127","1":"product","2":"type-product","3":"status-publish","4":"has-post-thumbnail","6":"product_cat-irm","8":"first","9":"instock","10":"virtual","11":"product-type-simple"},"_links":{"self":[{"href":"https:\/\/www.techservsn.com\/en\/wp-json\/wp\/v2\/product\/3127","targetHints":{"allow":["GET"]}}],"collection":[{"href":"https:\/\/www.techservsn.com\/en\/wp-json\/wp\/v2\/product"}],"about":[{"href":"https:\/\/www.techservsn.com\/en\/wp-json\/wp\/v2\/types\/product"}],"wp:featuredmedia":[{"embeddable":true,"href":"https:\/\/www.techservsn.com\/en\/wp-json\/wp\/v2\/media\/3174"}],"wp:attachment":[{"href":"https:\/\/www.techservsn.com\/en\/wp-json\/wp\/v2\/media?parent=3127"}],"wp:term":[{"taxonomy":"product_brand","embeddable":true,"href":"https:\/\/www.techservsn.com\/en\/wp-json\/wp\/v2\/product_brand?post=3127"},{"taxonomy":"product_cat","embeddable":true,"href":"https:\/\/www.techservsn.com\/en\/wp-json\/wp\/v2\/product_cat?post=3127"},{"taxonomy":"product_tag","embeddable":true,"href":"https:\/\/www.techservsn.com\/en\/wp-json\/wp\/v2\/product_tag?post=3127"}],"curies":[{"name":"wp","href":"https:\/\/api.w.org\/{rel}","templated":true}]}}