{"id":3122,"date":"2021-04-28T04:30:02","date_gmt":"2021-04-28T02:30:02","guid":{"rendered":"https:\/\/www.techservsn.com\/?post_type=product&#038;p=3122"},"modified":"2021-05-21T15:05:01","modified_gmt":"2021-05-21T13:05:01","slug":"revolution-acts","status":"publish","type":"product","link":"https:\/\/www.techservsn.com\/en\/produit\/revolution-acts\/","title":{"rendered":"Revolution ACTs"},"content":{"rendered":"","protected":false},"excerpt":{"rendered":"<p>Le syst\u00e8me Revolution CT a des capacit\u00e9s cliniques sans compromis gr\u00e2ce \u00e0 un syst\u00e8me alliant couverture \u00e9tendue, r\u00e9solutions spatiale et temporelle am\u00e9lior\u00e9es et imagerie spectrale. Il r\u00e9pond aux besoins de tous vos patients, m\u00eame dans les cas les plus complexes.<br \/>\nCe scanner CT a \u00e9t\u00e9 con\u00e7u pour permettre \u00e0 l&#8217;ensemble de vos services cliniques de b\u00e9n\u00e9ficier de fonctionnalit\u00e9s r\u00e9volutionnaires et uniques.<br \/>\nScanner 8 barrettes \/ 16 coupes<\/p>\n<p style=\"text-align: center;\"><a class=\"button\" style=\"background: #103178; color: #ffffff; border-color: #103178;\" href=\"#\" target=\"_blank\" rel=\"noopener\">Voire la fiche technique<\/a><\/p>\n","protected":false},"featured_media":5491,"template":"","meta":[],"product_brand":[],"product_cat":[118],"product_tag":[],"class_list":{"0":"post-3122","1":"product","2":"type-product","3":"status-publish","4":"has-post-thumbnail","6":"product_cat-scanner","8":"first","9":"instock","10":"virtual","11":"product-type-simple"},"_links":{"self":[{"href":"https:\/\/www.techservsn.com\/en\/wp-json\/wp\/v2\/product\/3122","targetHints":{"allow":["GET"]}}],"collection":[{"href":"https:\/\/www.techservsn.com\/en\/wp-json\/wp\/v2\/product"}],"about":[{"href":"https:\/\/www.techservsn.com\/en\/wp-json\/wp\/v2\/types\/product"}],"wp:featuredmedia":[{"embeddable":true,"href":"https:\/\/www.techservsn.com\/en\/wp-json\/wp\/v2\/media\/5491"}],"wp:attachment":[{"href":"https:\/\/www.techservsn.com\/en\/wp-json\/wp\/v2\/media?parent=3122"}],"wp:term":[{"taxonomy":"product_brand","embeddable":true,"href":"https:\/\/www.techservsn.com\/en\/wp-json\/wp\/v2\/product_brand?post=3122"},{"taxonomy":"product_cat","embeddable":true,"href":"https:\/\/www.techservsn.com\/en\/wp-json\/wp\/v2\/product_cat?post=3122"},{"taxonomy":"product_tag","embeddable":true,"href":"https:\/\/www.techservsn.com\/en\/wp-json\/wp\/v2\/product_tag?post=3122"}],"curies":[{"name":"wp","href":"https:\/\/api.w.org\/{rel}","templated":true}]}}