{"id":3121,"date":"2021-04-28T04:30:02","date_gmt":"2021-04-28T02:30:02","guid":{"rendered":"https:\/\/www.techservsn.com\/?post_type=product&#038;p=3121"},"modified":"2021-05-21T15:02:49","modified_gmt":"2021-05-21T13:02:49","slug":"senographie-crystal","status":"publish","type":"product","link":"https:\/\/www.techservsn.com\/en\/produit\/senographie-crystal\/","title":{"rendered":"Senographie Crystal NOVA"},"content":{"rendered":"","protected":false},"excerpt":{"rendered":"<p>La Mammographie Num\u00e9rique en toute simplicit\u00e9 permettant d\u2019augmenter de 21% le taux de d\u00e9tection de cancer par rapport \u00e0 la mammographie standard.1<\/p>\n<p>Technologie.<br \/>\nD\u00e9tecteur \u00e0 DQE (Efficacit\u00e9 Quantique de D\u00e9tection) \u00e9lev\u00e9e, \u00e9galement utilis\u00e9 sur les mammographes GE haut de gamme. Le senographe Crystal Nova produit rapidement des images de qualit\u00e9 exceptionnelle. Notre technologie num\u00e9rique en mammographie vous permet de suivre plus de patients, tout en ayant confiance dans votre diagnostic.<\/p>\n<p>&#8211; Deux tailles de d\u00e9tecteurs : 23x30cm ou 17 x 23 cm<br \/>\n&#8211; Jusqu\u2019\u00e0 18 patientes par jour Moins de 3 mn par examen<br \/>\n&#8211; Optimisation automatique des param\u00e8tres (AOP)<br \/>\n&#8211; D\u00e9tecteur haute performance de 24&#215;29<\/p>\n<p style=\"text-align: center;\"><a class=\"button\" style=\"background: #103178; color: #ffffff; border-color: #103178;\" href=\"#\" target=\"_blank\" rel=\"noopener\">Voire la fiche technique<\/a><\/p>\n","protected":false},"featured_media":3160,"template":"","meta":[],"product_brand":[],"product_cat":[146],"product_tag":[],"class_list":{"0":"post-3121","1":"product","2":"type-product","3":"status-publish","4":"has-post-thumbnail","6":"product_cat-mammographie","8":"first","9":"instock","10":"virtual","11":"product-type-simple"},"_links":{"self":[{"href":"https:\/\/www.techservsn.com\/en\/wp-json\/wp\/v2\/product\/3121","targetHints":{"allow":["GET"]}}],"collection":[{"href":"https:\/\/www.techservsn.com\/en\/wp-json\/wp\/v2\/product"}],"about":[{"href":"https:\/\/www.techservsn.com\/en\/wp-json\/wp\/v2\/types\/product"}],"wp:featuredmedia":[{"embeddable":true,"href":"https:\/\/www.techservsn.com\/en\/wp-json\/wp\/v2\/media\/3160"}],"wp:attachment":[{"href":"https:\/\/www.techservsn.com\/en\/wp-json\/wp\/v2\/media?parent=3121"}],"wp:term":[{"taxonomy":"product_brand","embeddable":true,"href":"https:\/\/www.techservsn.com\/en\/wp-json\/wp\/v2\/product_brand?post=3121"},{"taxonomy":"product_cat","embeddable":true,"href":"https:\/\/www.techservsn.com\/en\/wp-json\/wp\/v2\/product_cat?post=3121"},{"taxonomy":"product_tag","embeddable":true,"href":"https:\/\/www.techservsn.com\/en\/wp-json\/wp\/v2\/product_tag?post=3121"}],"curies":[{"name":"wp","href":"https:\/\/api.w.org\/{rel}","templated":true}]}}