{"id":3120,"date":"2021-04-28T04:30:02","date_gmt":"2021-04-28T02:30:02","guid":{"rendered":"https:\/\/www.techservsn.com\/?post_type=product&#038;p=3120"},"modified":"2021-06-23T18:02:25","modified_gmt":"2021-06-23T16:02:25","slug":"minicap-flex","status":"publish","type":"product","link":"https:\/\/www.techservsn.com\/en\/produit\/minicap-flex\/","title":{"rendered":"Automate d&#8217;Electrophor\u00e8se Minicap flex PIERCING"},"content":{"rendered":"","protected":false},"excerpt":{"rendered":"<p>LA SOLUTION AUTOMATIS\u00c9E D&#8217;\u00c9LECTROPHOR\u00c8SE CAPILLAIRE SEBIA POUR LES LABORATOIRES DE PETITE ET MOYENNE TAILLE<\/p>\n<p>L&#8217;instrument MINICAP FLEX PIERCING offre une flexibilit\u00e9 pour les laboratoires de petite \u00e0 moyenne taille. L&#8217;instrument enti\u00e8rement automatis\u00e9 r\u00e9pond aux besoins du laboratoire tout en fournissant des s\u00e9parations nettes et pr\u00e9cises utilisant la technologie d&#8217;\u00e9lectrophor\u00e8se capillaire. Cet instrument multi-param\u00e8tres propose un menu complet sur le s\u00e9rum et le sang total pour les tests de prot\u00e9ines, d&#8217;immunotypage, d&#8217;HbA1c, d&#8217;h\u00e9moglobine et de CDT (Carbohydrate Deficient Transferrin).<\/p>\n<p>Pour les analyses de sang total, les tubes bouch\u00e9s sont doucement retourn\u00e9s pour assurer un m\u00e9lange ad\u00e9quat des \u00e9chantillons fournissant des r\u00e9sultats pr\u00e9cis. L&#8217;instrument fournit une automatisation compl\u00e8te, r\u00e9duisant les besoins globaux en main-d&#8217;\u0153uvre.<\/p>\n<p style=\"text-align: center;\"><a class=\"button\" style=\"background: #006ec2; color: #ffffff; border-color: #103178;\" href=\"https:\/\/www.techservsn.com\/wp-content\/uploads\/2021\/06\/MINICAP-FLEX-2.pdf\" target=\"_blank\" rel=\"noopener\">Voire la fiche technique<\/a><\/p>\n","protected":false},"featured_media":3158,"template":"","meta":[],"product_brand":[],"product_cat":[116],"product_tag":[],"class_list":{"0":"post-3120","1":"product","2":"type-product","3":"status-publish","4":"has-post-thumbnail","6":"product_cat-biochimie","8":"first","9":"instock","10":"virtual","11":"product-type-simple"},"_links":{"self":[{"href":"https:\/\/www.techservsn.com\/en\/wp-json\/wp\/v2\/product\/3120","targetHints":{"allow":["GET"]}}],"collection":[{"href":"https:\/\/www.techservsn.com\/en\/wp-json\/wp\/v2\/product"}],"about":[{"href":"https:\/\/www.techservsn.com\/en\/wp-json\/wp\/v2\/types\/product"}],"wp:featuredmedia":[{"embeddable":true,"href":"https:\/\/www.techservsn.com\/en\/wp-json\/wp\/v2\/media\/3158"}],"wp:attachment":[{"href":"https:\/\/www.techservsn.com\/en\/wp-json\/wp\/v2\/media?parent=3120"}],"wp:term":[{"taxonomy":"product_brand","embeddable":true,"href":"https:\/\/www.techservsn.com\/en\/wp-json\/wp\/v2\/product_brand?post=3120"},{"taxonomy":"product_cat","embeddable":true,"href":"https:\/\/www.techservsn.com\/en\/wp-json\/wp\/v2\/product_cat?post=3120"},{"taxonomy":"product_tag","embeddable":true,"href":"https:\/\/www.techservsn.com\/en\/wp-json\/wp\/v2\/product_tag?post=3120"}],"curies":[{"name":"wp","href":"https:\/\/api.w.org\/{rel}","templated":true}]}}