{"id":3119,"date":"2021-04-28T04:30:02","date_gmt":"2021-04-28T02:30:02","guid":{"rendered":"https:\/\/www.techservsn.com\/?post_type=product&#038;p=3119"},"modified":"2021-06-23T18:04:01","modified_gmt":"2021-06-23T16:04:01","slug":"hydrasys-2-scan","status":"publish","type":"product","link":"https:\/\/www.techservsn.com\/en\/produit\/hydrasys-2-scan\/","title":{"rendered":"Hydrasys 2 scan"},"content":{"rendered":"","protected":false},"excerpt":{"rendered":"<p>Syst\u00e8me multiparam\u00e9trique pour \u00e9lectrophor\u00e8se sur gel d&#8217;agarose.<br \/>\n&#8211; Application \u00e0 usage unique<br \/>\n&#8211; D\u00e9pot homog\u00e8ne de l&#8217;\u00e9chantillon par membrane micro-poreuse<br \/>\n&#8211; Haute r\u00e9solution, s\u00e9paration claire, parfaite reproductibilit\u00e9<br \/>\n&#8211; Enceinte thermostat\u00e9e par effet Peltier: pour un contr\u00f4le pr\u00e9cis de la temp\u00e9rature.<\/p>\n<p style=\"text-align: center;\"><a class=\"button\" style=\"background: #396CF0; color: #ffffff; border-color: #103178;\" href=\"https:\/\/www.techservsn.com\/wp-content\/uploads\/2021\/06\/HYDRASIS-2-SCAN.pdf\" target=\"_blank\" rel=\"noopener\">Voire la fiche technique<\/a><\/p>\n","protected":false},"featured_media":3155,"template":"","meta":[],"product_brand":[],"product_cat":[116],"product_tag":[],"class_list":{"0":"post-3119","1":"product","2":"type-product","3":"status-publish","4":"has-post-thumbnail","6":"product_cat-biochimie","8":"first","9":"instock","10":"virtual","11":"product-type-simple"},"_links":{"self":[{"href":"https:\/\/www.techservsn.com\/en\/wp-json\/wp\/v2\/product\/3119","targetHints":{"allow":["GET"]}}],"collection":[{"href":"https:\/\/www.techservsn.com\/en\/wp-json\/wp\/v2\/product"}],"about":[{"href":"https:\/\/www.techservsn.com\/en\/wp-json\/wp\/v2\/types\/product"}],"wp:featuredmedia":[{"embeddable":true,"href":"https:\/\/www.techservsn.com\/en\/wp-json\/wp\/v2\/media\/3155"}],"wp:attachment":[{"href":"https:\/\/www.techservsn.com\/en\/wp-json\/wp\/v2\/media?parent=3119"}],"wp:term":[{"taxonomy":"product_brand","embeddable":true,"href":"https:\/\/www.techservsn.com\/en\/wp-json\/wp\/v2\/product_brand?post=3119"},{"taxonomy":"product_cat","embeddable":true,"href":"https:\/\/www.techservsn.com\/en\/wp-json\/wp\/v2\/product_cat?post=3119"},{"taxonomy":"product_tag","embeddable":true,"href":"https:\/\/www.techservsn.com\/en\/wp-json\/wp\/v2\/product_tag?post=3119"}],"curies":[{"name":"wp","href":"https:\/\/api.w.org\/{rel}","templated":true}]}}