{"id":3118,"date":"2021-04-28T04:30:02","date_gmt":"2021-04-28T02:30:02","guid":{"rendered":"https:\/\/www.techservsn.com\/?post_type=product&#038;p=3118"},"modified":"2021-06-15T02:04:35","modified_gmt":"2021-06-15T00:04:35","slug":"automate-de-biochimie-a25","status":"publish","type":"product","link":"https:\/\/www.techservsn.com\/en\/produit\/automate-de-biochimie-a25\/","title":{"rendered":"Automate de Biochimie A25"},"content":{"rendered":"","protected":false},"excerpt":{"rendered":"<p>&#8211; D\u00e9bit de 240 tests\/heure<br \/>\n&#8211; R\u00e9actifs d\u00e9di\u00e9s \u00e0 la chimie clinique et \u00e0 la turbidim\u00e9trie<br \/>\n&#8211; 30 positions r\u00e9frig\u00e9r\u00e9es par des bouteilles de r\u00e9actifs de 20 et 50 mL<br \/>\n&#8211; Syst\u00e8me de r\u00e9frig\u00e9ration avec interrupteur ind\u00e9pendant de l&#8217;analyseur<br \/>\n&#8211; 3 positions sans r\u00e9frig\u00e9ration pour les casiers \u00e0 \u00e9chantillons et \u00e0 r\u00e9actifs<br \/>\n&#8211; 24 \u00e9chantillons par rack. Capacit\u00e9 maximale de 72 \u00e9chantillons<br \/>\n&#8211; Capacit\u00e9 maximale de 52 r\u00e9actifs<br \/>\n&#8211; Assemblage d&#8217;un nouveau bras de distribution<br \/>\n&#8211; \u00c9chantillon et r\u00e9actif \u00e0 faible volume mort.<\/p>\n<p style=\"text-align: center;\"><a class=\"button\" style=\"background: #396cf0; color: #ffffff; border-color: #103178;\" href=\"https:\/\/www.techservsn.com\/wp-content\/uploads\/2021\/06\/99715-Analyseur-Automatique-A25-Fr.pdf\" target=\"_blank\" rel=\"noopener\">Voire la fiche technique<\/a><\/p>\n","protected":false},"featured_media":3153,"template":"","meta":[],"product_brand":[],"product_cat":[116],"product_tag":[],"class_list":{"0":"post-3118","1":"product","2":"type-product","3":"status-publish","4":"has-post-thumbnail","6":"product_cat-biochimie","8":"first","9":"instock","10":"virtual","11":"product-type-simple"},"_links":{"self":[{"href":"https:\/\/www.techservsn.com\/en\/wp-json\/wp\/v2\/product\/3118","targetHints":{"allow":["GET"]}}],"collection":[{"href":"https:\/\/www.techservsn.com\/en\/wp-json\/wp\/v2\/product"}],"about":[{"href":"https:\/\/www.techservsn.com\/en\/wp-json\/wp\/v2\/types\/product"}],"wp:featuredmedia":[{"embeddable":true,"href":"https:\/\/www.techservsn.com\/en\/wp-json\/wp\/v2\/media\/3153"}],"wp:attachment":[{"href":"https:\/\/www.techservsn.com\/en\/wp-json\/wp\/v2\/media?parent=3118"}],"wp:term":[{"taxonomy":"product_brand","embeddable":true,"href":"https:\/\/www.techservsn.com\/en\/wp-json\/wp\/v2\/product_brand?post=3118"},{"taxonomy":"product_cat","embeddable":true,"href":"https:\/\/www.techservsn.com\/en\/wp-json\/wp\/v2\/product_cat?post=3118"},{"taxonomy":"product_tag","embeddable":true,"href":"https:\/\/www.techservsn.com\/en\/wp-json\/wp\/v2\/product_tag?post=3118"}],"curies":[{"name":"wp","href":"https:\/\/api.w.org\/{rel}","templated":true}]}}