{"id":3116,"date":"2021-04-28T04:30:02","date_gmt":"2021-04-28T02:30:02","guid":{"rendered":"https:\/\/www.techservsn.com\/?post_type=product&#038;p=3116"},"modified":"2021-06-15T02:05:56","modified_gmt":"2021-06-15T00:05:56","slug":"bts-350","status":"publish","type":"product","link":"https:\/\/www.techservsn.com\/en\/produit\/bts-350\/","title":{"rendered":"Analyseur semi-automatique BTS-350"},"content":{"rendered":"","protected":false},"excerpt":{"rendered":"<p>Le BTS-350 est vraiment une g\u00e9n\u00e9ration dans la classe des analyseurs semi-automatiques car il est le seul analyseur avec une gamme compl\u00e8te de LED optimis\u00e9es pour la biochimie et les analyses turbidim\u00e9triques. La LED ont non seulement une faible consommation d\u2019\u00e9nergie (car ils \u00e9mettent moins d\u2019\u00e9nergie que les halog\u00e8nes), ils sont durables et ont une dur\u00e9e de vie pratiquement illimit\u00e9e (min 5 ans).<\/p>\n<p style=\"text-align: center;\"><a class=\"button\" style=\"background: #396cf0; color: #ffffff; border-color: #103178;\" href=\"https:\/\/www.techservsn.com\/wp-content\/uploads\/2021\/06\/BTS350-2020.pdf\" target=\"_blank\" rel=\"noopener\">Voire la fiche technique<\/a><\/p>\n","protected":false},"featured_media":3148,"template":"","meta":[],"product_brand":[],"product_cat":[116],"product_tag":[],"class_list":{"0":"post-3116","1":"product","2":"type-product","3":"status-publish","4":"has-post-thumbnail","6":"product_cat-biochimie","8":"first","9":"instock","10":"virtual","11":"product-type-simple"},"_links":{"self":[{"href":"https:\/\/www.techservsn.com\/en\/wp-json\/wp\/v2\/product\/3116","targetHints":{"allow":["GET"]}}],"collection":[{"href":"https:\/\/www.techservsn.com\/en\/wp-json\/wp\/v2\/product"}],"about":[{"href":"https:\/\/www.techservsn.com\/en\/wp-json\/wp\/v2\/types\/product"}],"wp:featuredmedia":[{"embeddable":true,"href":"https:\/\/www.techservsn.com\/en\/wp-json\/wp\/v2\/media\/3148"}],"wp:attachment":[{"href":"https:\/\/www.techservsn.com\/en\/wp-json\/wp\/v2\/media?parent=3116"}],"wp:term":[{"taxonomy":"product_brand","embeddable":true,"href":"https:\/\/www.techservsn.com\/en\/wp-json\/wp\/v2\/product_brand?post=3116"},{"taxonomy":"product_cat","embeddable":true,"href":"https:\/\/www.techservsn.com\/en\/wp-json\/wp\/v2\/product_cat?post=3116"},{"taxonomy":"product_tag","embeddable":true,"href":"https:\/\/www.techservsn.com\/en\/wp-json\/wp\/v2\/product_tag?post=3116"}],"curies":[{"name":"wp","href":"https:\/\/api.w.org\/{rel}","templated":true}]}}