{"id":3114,"date":"2021-04-28T04:30:02","date_gmt":"2021-04-28T02:30:02","guid":{"rendered":"https:\/\/www.techservsn.com\/?post_type=product&#038;p=3114"},"modified":"2021-06-16T12:08:22","modified_gmt":"2021-06-16T10:08:22","slug":"automate-a15","status":"publish","type":"product","link":"https:\/\/www.techservsn.com\/en\/produit\/automate-a15\/","title":{"rendered":"Automate de Biochimie A15"},"content":{"rendered":"","protected":false},"excerpt":{"rendered":"<p>R\u00e9actifs d\u00e9di\u00e9s \u00e0 la chimie clinique D\u00e9bit de 150 tests\/heure 4 positions ind\u00e9pendantes pour les supports d&#8217;\u00e9chantillons et de r\u00e9actifs 24 \u00e9chantillons par casier (capacit\u00e9 maximale de 72 \u00e9chantillons dans les casiers) 10 r\u00e9actifs pour rack (capacit\u00e9 maximale de 30 flacons de r\u00e9actifs en rack) Flacons de r\u00e9actifs de 20 et 50 ml Tubes primaires ou gobelets p\u00e9diatriques comme r\u00e9cipients d&#8217;\u00e9chantillon Capacit\u00e9s STAT illimit\u00e9es. Ex\u00e9cuter \u00e0 tout moment Programmation de 5 types d&#8217;\u00e9chantillons (s\u00e9rum, plasma, urine, LCR et sang total) Jusqu&#8217;\u00e0 15 minutes de lecture Rotor r\u00e9utilisable en m\u00e9thacrylate Volume de lecture minimum de 200 Ul.<\/p>\n<p style=\"text-align: center;\"><a class=\"button\" style=\"background: #006ec2; color: #ffffff; border-color: #103178;\" href=\"https:\/\/www.techservsn.com\/wp-content\/uploads\/2021\/06\/99792-Analyseur-Automatique-A15-Fr.pdf\" target=\"_blank\" rel=\"noopener\">Voire la fiche technique<\/a><\/p>\n","protected":false},"featured_media":3145,"template":"","meta":[],"product_brand":[],"product_cat":[116],"product_tag":[],"class_list":{"0":"post-3114","1":"product","2":"type-product","3":"status-publish","4":"has-post-thumbnail","6":"product_cat-biochimie","8":"first","9":"instock","10":"virtual","11":"product-type-simple"},"_links":{"self":[{"href":"https:\/\/www.techservsn.com\/en\/wp-json\/wp\/v2\/product\/3114","targetHints":{"allow":["GET"]}}],"collection":[{"href":"https:\/\/www.techservsn.com\/en\/wp-json\/wp\/v2\/product"}],"about":[{"href":"https:\/\/www.techservsn.com\/en\/wp-json\/wp\/v2\/types\/product"}],"wp:featuredmedia":[{"embeddable":true,"href":"https:\/\/www.techservsn.com\/en\/wp-json\/wp\/v2\/media\/3145"}],"wp:attachment":[{"href":"https:\/\/www.techservsn.com\/en\/wp-json\/wp\/v2\/media?parent=3114"}],"wp:term":[{"taxonomy":"product_brand","embeddable":true,"href":"https:\/\/www.techservsn.com\/en\/wp-json\/wp\/v2\/product_brand?post=3114"},{"taxonomy":"product_cat","embeddable":true,"href":"https:\/\/www.techservsn.com\/en\/wp-json\/wp\/v2\/product_cat?post=3114"},{"taxonomy":"product_tag","embeddable":true,"href":"https:\/\/www.techservsn.com\/en\/wp-json\/wp\/v2\/product_tag?post=3114"}],"curies":[{"name":"wp","href":"https:\/\/api.w.org\/{rel}","templated":true}]}}