{"id":5036,"date":"2021-05-06T12:31:26","date_gmt":"2021-05-06T10:31:26","guid":{"rendered":"https:\/\/www.techservsn.com\/?page_id=5036"},"modified":"2021-07-01T03:03:23","modified_gmt":"2021-07-01T01:03:23","slug":"nos-competences","status":"publish","type":"page","link":"https:\/\/www.techservsn.com\/en\/nos-services\/cst\/nos-competences\/","title":{"rendered":"Nos Comp\u00e9tences"},"content":{"rendered":"\t\t<div data-elementor-type=\"wp-page\" data-elementor-id=\"5036\" class=\"elementor elementor-5036\">\n\t\t\t\t\t\t<section class=\"elementor-section elementor-top-section elementor-element elementor-element-21e5fc5 elementor-section-boxed elementor-section-height-default elementor-section-height-default\" data-id=\"21e5fc5\" data-element_type=\"section\" data-e-type=\"section\" data-settings=\"{&quot;background_background&quot;:&quot;classic&quot;}\">\n\t\t\t\t\t\t<div class=\"elementor-container elementor-column-gap-no\">\n\t\t\t\t\t<div class=\"elementor-column elementor-col-50 elementor-top-column elementor-element elementor-element-03589ae\" data-id=\"03589ae\" data-element_type=\"column\" data-e-type=\"column\" data-settings=\"{&quot;background_background&quot;:&quot;classic&quot;}\">\n\t\t\t<div class=\"elementor-widget-wrap elementor-element-populated\">\n\t\t\t\t\t\t<div class=\"elementor-element elementor-element-57e7a5a elementor-widget elementor-widget-heading\" data-id=\"57e7a5a\" data-element_type=\"widget\" data-e-type=\"widget\" data-widget_type=\"heading.default\">\n\t\t\t\t<div class=\"elementor-widget-container\">\n\t\t\t\t\t<h1 class=\"elementor-heading-title elementor-size-default\">Nos Comp\u00e9tences<\/h1>\t\t\t\t<\/div>\n\t\t\t\t<\/div>\n\t\t\t\t<div class=\"elementor-element elementor-element-113da4e elementor-widget elementor-widget-spacer\" data-id=\"113da4e\" data-element_type=\"widget\" data-e-type=\"widget\" data-widget_type=\"spacer.default\">\n\t\t\t\t<div class=\"elementor-widget-container\">\n\t\t\t\t\t\t\t<div class=\"elementor-spacer\">\n\t\t\t<div class=\"elementor-spacer-inner\"><\/div>\n\t\t<\/div>\n\t\t\t\t\t\t<\/div>\n\t\t\t\t<\/div>\n\t\t\t\t<div class=\"elementor-element elementor-element-bf7cf42 elementor-widget elementor-widget-text-editor\" data-id=\"bf7cf42\" data-element_type=\"widget\" data-e-type=\"widget\" data-widget_type=\"text-editor.default\">\n\t\t\t\t<div class=\"elementor-widget-container\">\n\t\t\t\t\t\t\t\t\t<p>\u2022 Automates de coagulation et coagulom\u00e9tre STAGO ;<br \/>\u2022 Cha\u00eenes Elisa et automates d\u2019immuno- h\u00e9matologie ;<br \/>\u2022 Cha\u00eenes \u00e9lectrophor\u00e8ses (technologie capillaire et aussi gel) SEBIA ;<br \/>\u2022 Microscopes LEICA ;<br \/>\u2022 Balances \u00e9lectroniques ;<br \/>\u2022 Automate de biochimie et spectrophotom\u00e8tres BIOSYSTEMS ;<br \/>\u2022 Automate et Analyseur H\u00e9moglobine glyqu\u00e9e HEMOCUE ;<br \/>\u2022 Automate d\u2019immunologie SNIBE ;<br \/>\u2022 Analyseur ionogramme DIESTRO;<br \/>\u2022 Hottes ;<br \/>\u2022 Centrifugeuses ;<br \/>\u2022 Paillasses de laboratoire ;<br \/>\u2022 Automates de num\u00e9ration (HORIBA ABX) ;<br \/>\u2022 \u00c9tuves et bains-marie ;<br \/>\u2022 Autoclave ;<br \/>\u2022 Machine \u00e0 laver ;<br \/>\u2022 Armoires banques de sang et cong\u00e9lateurs etc.<br \/>\u2022 Quantification de la charge virale ;<br \/>\u2022 Cha\u00eenes HPLC AGILENT TECHNOLOGIES;<br \/>\u2022 Chromatographie gaz (GC, GCMS) AGILENT TECHNOLOGIES;<br \/>\u2022 Spectrophotom\u00e8tre infra rouge ;<br \/>\u2022 Spectrophotom\u00e8tre \u00e0 absorption et \u00e9mission atomique (technique flamme et four) ;<br \/>\u2022 \u00c9chographe (GENERAL ELETRIC);<br \/>\u2022 Reprographie et Imprimante (CARESTREAM);<br \/>\u2022 Scanner (GENERAL ELETRIC);<br \/>\u2022 Salle OS-POUMON (GENERAL ELETRIC);<br \/>\u2022 Appareils d\u2019OPHTALMOLOGIE;<br \/>\u2022 Salle ANGIOGRAPHIE (GENERAL ELETRIC);<br \/>\u2022 \u00c9preuve d\u2019effort, ECG, Moniteurs de surveillance\u2026. (GENERAL ELETRIC);<br \/>\u2022 Colonne coelioscopie (MEDTRONIC);<br \/>\u2022 Bistouri \u00e9lectrique (MEDTRONIC).<\/p><p><\/p><p><\/p>\t\t\t\t\t\t\t\t<\/div>\n\t\t\t\t<\/div>\n\t\t\t\t<div class=\"elementor-element elementor-element-e1ff399 elementor-align-center elementor-widget elementor-widget-button\" data-id=\"e1ff399\" data-element_type=\"widget\" data-e-type=\"widget\" data-widget_type=\"button.default\">\n\t\t\t\t<div class=\"elementor-widget-container\">\n\t\t\t\t\t\t\t\t\t<div class=\"elementor-button-wrapper\">\n\t\t\t\t\t<a class=\"elementor-button elementor-button-link elementor-size-lg\" href=\"https:\/\/www.techservsn.com\/nos-services\/cst\/\">\n\t\t\t\t\t\t<span class=\"elementor-button-content-wrapper\">\n\t\t\t\t\t\t\t\t\t<span class=\"elementor-button-text\">Retour<\/span>\n\t\t\t\t\t<\/span>\n\t\t\t\t\t<\/a>\n\t\t\t\t<\/div>\n\t\t\t\t\t\t\t\t<\/div>\n\t\t\t\t<\/div>\n\t\t\t\t\t<\/div>\n\t\t<\/div>\n\t\t\t\t<div class=\"elementor-column elementor-col-50 elementor-top-column elementor-element elementor-element-adceead\" data-id=\"adceead\" data-element_type=\"column\" data-e-type=\"column\" data-settings=\"{&quot;background_background&quot;:&quot;classic&quot;}\">\n\t\t\t<div class=\"elementor-widget-wrap elementor-element-populated\">\n\t\t\t\t\t\t<div class=\"elementor-element elementor-element-1f57028 elementor-widget elementor-widget-spacer\" data-id=\"1f57028\" data-element_type=\"widget\" data-e-type=\"widget\" data-widget_type=\"spacer.default\">\n\t\t\t\t<div class=\"elementor-widget-container\">\n\t\t\t\t\t\t\t<div class=\"elementor-spacer\">\n\t\t\t<div class=\"elementor-spacer-inner\"><\/div>\n\t\t<\/div>\n\t\t\t\t\t\t<\/div>\n\t\t\t\t<\/div>\n\t\t\t\t<div class=\"elementor-element elementor-element-f1d9112 elementor-widget elementor-widget-image\" data-id=\"f1d9112\" data-element_type=\"widget\" data-e-type=\"widget\" data-widget_type=\"image.default\">\n\t\t\t\t<div class=\"elementor-widget-container\">\n\t\t\t\t\t\t\t\t\t\t\t\t\t\t\t<img fetchpriority=\"high\" decoding=\"async\" width=\"1024\" height=\"680\" src=\"https:\/\/www.techservsn.com\/wp-content\/uploads\/2021\/06\/DSC_0171-1024x680.jpg\" class=\"attachment-large size-large wp-image-6286\" alt=\"\" srcset=\"https:\/\/www.techservsn.com\/wp-content\/uploads\/2021\/06\/DSC_0171-1024x680.jpg 1024w, https:\/\/www.techservsn.com\/wp-content\/uploads\/2021\/06\/DSC_0171-300x199.jpg 300w, https:\/\/www.techservsn.com\/wp-content\/uploads\/2021\/06\/DSC_0171-768x510.jpg 768w, https:\/\/www.techservsn.com\/wp-content\/uploads\/2021\/06\/DSC_0171-1536x1020.jpg 1536w, https:\/\/www.techservsn.com\/wp-content\/uploads\/2021\/06\/DSC_0171-2048x1360.jpg 2048w, https:\/\/www.techservsn.com\/wp-content\/uploads\/2021\/06\/DSC_0171-500x332.jpg 500w\" sizes=\"(max-width: 1024px) 100vw, 1024px\" \/>\t\t\t\t\t\t\t\t\t\t\t\t\t\t\t<\/div>\n\t\t\t\t<\/div>\n\t\t\t\t<div class=\"elementor-element elementor-element-77c2654 elementor-widget elementor-widget-spacer\" data-id=\"77c2654\" data-element_type=\"widget\" data-e-type=\"widget\" data-widget_type=\"spacer.default\">\n\t\t\t\t<div class=\"elementor-widget-container\">\n\t\t\t\t\t\t\t<div class=\"elementor-spacer\">\n\t\t\t<div class=\"elementor-spacer-inner\"><\/div>\n\t\t<\/div>\n\t\t\t\t\t\t<\/div>\n\t\t\t\t<\/div>\n\t\t\t\t\t<\/div>\n\t\t<\/div>\n\t\t\t\t\t<\/div>\n\t\t<\/section>\n\t\t\t\t<\/div>\n\t\t","protected":false},"excerpt":{"rendered":"<p>Nos Comp\u00e9tences &#8211; Automated coagulation systems and STAGO coagulometer;&#8211; Elisa chains and immuno-haematology automats;&#8211; Electrophoresis lines (capillary and gel technology) SEBIA ;&#8211; LEICA microscopes;&#8211; Electronic balances;&#8211; BIOSYSTEMS biochemistry and spectrophotometer systems;&#8211; HEMOCUE Automat and Glycated Haemoglobin Analyser;&#8211; SNIBE Automated Immunology System;&#8211; DIESTRO ionogram analyser;&#8211; Fume hoods ;&#8211; Centrifuges ;&#8211; Laboratory benches;&#8211; Automatic counters (HORIBA ABX);&#8211;&#8230;<\/p>\n","protected":false},"author":1,"featured_media":0,"parent":3895,"menu_order":0,"comment_status":"closed","ping_status":"closed","template":"","meta":{"footnotes":""},"class_list":["post-5036","page","type-page","status-publish","hentry"],"_links":{"self":[{"href":"https:\/\/www.techservsn.com\/en\/wp-json\/wp\/v2\/pages\/5036","targetHints":{"allow":["GET"]}}],"collection":[{"href":"https:\/\/www.techservsn.com\/en\/wp-json\/wp\/v2\/pages"}],"about":[{"href":"https:\/\/www.techservsn.com\/en\/wp-json\/wp\/v2\/types\/page"}],"author":[{"embeddable":true,"href":"https:\/\/www.techservsn.com\/en\/wp-json\/wp\/v2\/users\/1"}],"replies":[{"embeddable":true,"href":"https:\/\/www.techservsn.com\/en\/wp-json\/wp\/v2\/comments?post=5036"}],"version-history":[{"count":25,"href":"https:\/\/www.techservsn.com\/en\/wp-json\/wp\/v2\/pages\/5036\/revisions"}],"predecessor-version":[{"id":6737,"href":"https:\/\/www.techservsn.com\/en\/wp-json\/wp\/v2\/pages\/5036\/revisions\/6737"}],"up":[{"embeddable":true,"href":"https:\/\/www.techservsn.com\/en\/wp-json\/wp\/v2\/pages\/3895"}],"wp:attachment":[{"href":"https:\/\/www.techservsn.com\/en\/wp-json\/wp\/v2\/media?parent=5036"}],"curies":[{"name":"wp","href":"https:\/\/api.w.org\/{rel}","templated":true}]}}