{"id":5034,"date":"2021-05-06T15:51:42","date_gmt":"2021-05-06T13:51:42","guid":{"rendered":"https:\/\/www.techservsn.com\/?page_id=5034"},"modified":"2021-06-21T03:24:21","modified_gmt":"2021-06-21T01:24:21","slug":"notre-atelier","status":"publish","type":"page","link":"https:\/\/www.techservsn.com\/en\/nos-services\/cst\/notre-atelier\/","title":{"rendered":"Notre Atelier"},"content":{"rendered":"\t\t<div data-elementor-type=\"wp-page\" data-elementor-id=\"5034\" class=\"elementor elementor-5034\">\n\t\t\t\t\t\t<section class=\"elementor-section elementor-top-section elementor-element elementor-element-21e5fc5 elementor-section-boxed elementor-section-height-default elementor-section-height-default\" data-id=\"21e5fc5\" data-element_type=\"section\" data-e-type=\"section\" data-settings=\"{&quot;background_background&quot;:&quot;classic&quot;}\">\n\t\t\t\t\t\t<div class=\"elementor-container elementor-column-gap-default\">\n\t\t\t\t\t<div class=\"elementor-column elementor-col-50 elementor-top-column elementor-element elementor-element-03589ae\" data-id=\"03589ae\" data-element_type=\"column\" data-e-type=\"column\" data-settings=\"{&quot;background_background&quot;:&quot;classic&quot;}\">\n\t\t\t<div class=\"elementor-widget-wrap elementor-element-populated\">\n\t\t\t\t\t\t<div class=\"elementor-element elementor-element-57e7a5a elementor-widget elementor-widget-heading\" data-id=\"57e7a5a\" data-element_type=\"widget\" data-e-type=\"widget\" data-widget_type=\"heading.default\">\n\t\t\t\t<div class=\"elementor-widget-container\">\n\t\t\t\t\t<h1 class=\"elementor-heading-title elementor-size-default\">Notre Atelier<\/h1>\t\t\t\t<\/div>\n\t\t\t\t<\/div>\n\t\t\t\t<div class=\"elementor-element elementor-element-113da4e elementor-widget elementor-widget-spacer\" data-id=\"113da4e\" data-element_type=\"widget\" data-e-type=\"widget\" data-widget_type=\"spacer.default\">\n\t\t\t\t<div class=\"elementor-widget-container\">\n\t\t\t\t\t\t\t<div class=\"elementor-spacer\">\n\t\t\t<div class=\"elementor-spacer-inner\"><\/div>\n\t\t<\/div>\n\t\t\t\t\t\t<\/div>\n\t\t\t\t<\/div>\n\t\t\t\t<div class=\"elementor-element elementor-element-bf7cf42 elementor-widget elementor-widget-text-editor\" data-id=\"bf7cf42\" data-element_type=\"widget\" data-e-type=\"widget\" data-widget_type=\"text-editor.default\">\n\t\t\t\t<div class=\"elementor-widget-container\">\n\t\t\t\t\t\t\t\t\t<p>Nous avons un local de 45m\u00b2, climatis\u00e9 avec des prises stabilis\u00e9es.<br \/>Il est \u00e9quip\u00e9 d\u2019appareils de mesure et de tests qui sont v\u00e9rifi\u00e9s p\u00e9riodiquement ;<br \/>La validation d\u2019un d\u00e9pannage est faite par une \u00e9quipe de techniciens d\u2019o\u00f9 la qualit\u00e9 et la certitude de l\u2019expertise.<\/p>\t\t\t\t\t\t\t\t<\/div>\n\t\t\t\t<\/div>\n\t\t\t\t<div class=\"elementor-element elementor-element-c4b1cb8 elementor-widget elementor-widget-spacer\" data-id=\"c4b1cb8\" data-element_type=\"widget\" data-e-type=\"widget\" data-widget_type=\"spacer.default\">\n\t\t\t\t<div class=\"elementor-widget-container\">\n\t\t\t\t\t\t\t<div class=\"elementor-spacer\">\n\t\t\t<div class=\"elementor-spacer-inner\"><\/div>\n\t\t<\/div>\n\t\t\t\t\t\t<\/div>\n\t\t\t\t<\/div>\n\t\t\t\t<div class=\"elementor-element elementor-element-0101651 elementor-align-center elementor-widget elementor-widget-button\" data-id=\"0101651\" data-element_type=\"widget\" data-e-type=\"widget\" data-widget_type=\"button.default\">\n\t\t\t\t<div class=\"elementor-widget-container\">\n\t\t\t\t\t\t\t\t\t<div class=\"elementor-button-wrapper\">\n\t\t\t\t\t<a class=\"elementor-button elementor-button-link elementor-size-lg\" href=\"https:\/\/www.techservsn.com\/nos-services\/cst\/\">\n\t\t\t\t\t\t<span class=\"elementor-button-content-wrapper\">\n\t\t\t\t\t\t\t\t\t<span class=\"elementor-button-text\">Retour<\/span>\n\t\t\t\t\t<\/span>\n\t\t\t\t\t<\/a>\n\t\t\t\t<\/div>\n\t\t\t\t\t\t\t\t<\/div>\n\t\t\t\t<\/div>\n\t\t\t\t\t<\/div>\n\t\t<\/div>\n\t\t\t\t<div class=\"elementor-column elementor-col-50 elementor-top-column elementor-element elementor-element-adceead\" data-id=\"adceead\" data-element_type=\"column\" data-e-type=\"column\" data-settings=\"{&quot;background_background&quot;:&quot;classic&quot;}\">\n\t\t\t<div class=\"elementor-widget-wrap elementor-element-populated\">\n\t\t\t\t\t\t<div class=\"elementor-element elementor-element-f1d9112 elementor-widget elementor-widget-image\" data-id=\"f1d9112\" data-element_type=\"widget\" data-e-type=\"widget\" data-widget_type=\"image.default\">\n\t\t\t\t<div class=\"elementor-widget-container\">\n\t\t\t\t\t\t\t\t\t\t\t\t\t\t\t<img fetchpriority=\"high\" decoding=\"async\" width=\"2035\" height=\"1366\" src=\"https:\/\/www.techservsn.com\/wp-content\/uploads\/2021\/06\/CST_08.jpg\" class=\"attachment-2048x2048 size-2048x2048 wp-image-6275\" alt=\"\" srcset=\"https:\/\/www.techservsn.com\/wp-content\/uploads\/2021\/06\/CST_08.jpg 2035w, https:\/\/www.techservsn.com\/wp-content\/uploads\/2021\/06\/CST_08-300x201.jpg 300w, https:\/\/www.techservsn.com\/wp-content\/uploads\/2021\/06\/CST_08-1024x687.jpg 1024w, https:\/\/www.techservsn.com\/wp-content\/uploads\/2021\/06\/CST_08-768x516.jpg 768w, https:\/\/www.techservsn.com\/wp-content\/uploads\/2021\/06\/CST_08-1536x1031.jpg 1536w, https:\/\/www.techservsn.com\/wp-content\/uploads\/2021\/06\/CST_08-500x336.jpg 500w\" sizes=\"(max-width: 2035px) 100vw, 2035px\" \/>\t\t\t\t\t\t\t\t\t\t\t\t\t\t\t<\/div>\n\t\t\t\t<\/div>\n\t\t\t\t<div class=\"elementor-element elementor-element-77c2654 elementor-widget elementor-widget-spacer\" data-id=\"77c2654\" data-element_type=\"widget\" data-e-type=\"widget\" data-widget_type=\"spacer.default\">\n\t\t\t\t<div class=\"elementor-widget-container\">\n\t\t\t\t\t\t\t<div class=\"elementor-spacer\">\n\t\t\t<div class=\"elementor-spacer-inner\"><\/div>\n\t\t<\/div>\n\t\t\t\t\t\t<\/div>\n\t\t\t\t<\/div>\n\t\t\t\t\t<\/div>\n\t\t<\/div>\n\t\t\t\t\t<\/div>\n\t\t<\/section>\n\t\t\t\t<\/div>\n\t\t","protected":false},"excerpt":{"rendered":"<p>Notre Atelier Nous avons un local de 45m\u00b2, climatis\u00e9 avec des prises stabilis\u00e9es.Il est \u00e9quip\u00e9 d\u2019appareils de mesure et de tests qui sont v\u00e9rifi\u00e9s p\u00e9riodiquement ;La validation d\u2019un d\u00e9pannage est faite par une \u00e9quipe de techniciens d\u2019o\u00f9 la qualit\u00e9 et la certitude de l\u2019expertise. Retour<\/p>\n","protected":false},"author":1,"featured_media":0,"parent":3895,"menu_order":0,"comment_status":"closed","ping_status":"closed","template":"","meta":{"footnotes":""},"class_list":["post-5034","page","type-page","status-publish","hentry"],"_links":{"self":[{"href":"https:\/\/www.techservsn.com\/en\/wp-json\/wp\/v2\/pages\/5034","targetHints":{"allow":["GET"]}}],"collection":[{"href":"https:\/\/www.techservsn.com\/en\/wp-json\/wp\/v2\/pages"}],"about":[{"href":"https:\/\/www.techservsn.com\/en\/wp-json\/wp\/v2\/types\/page"}],"author":[{"embeddable":true,"href":"https:\/\/www.techservsn.com\/en\/wp-json\/wp\/v2\/users\/1"}],"replies":[{"embeddable":true,"href":"https:\/\/www.techservsn.com\/en\/wp-json\/wp\/v2\/comments?post=5034"}],"version-history":[{"count":14,"href":"https:\/\/www.techservsn.com\/en\/wp-json\/wp\/v2\/pages\/5034\/revisions"}],"predecessor-version":[{"id":6278,"href":"https:\/\/www.techservsn.com\/en\/wp-json\/wp\/v2\/pages\/5034\/revisions\/6278"}],"up":[{"embeddable":true,"href":"https:\/\/www.techservsn.com\/en\/wp-json\/wp\/v2\/pages\/3895"}],"wp:attachment":[{"href":"https:\/\/www.techservsn.com\/en\/wp-json\/wp\/v2\/media?parent=5034"}],"curies":[{"name":"wp","href":"https:\/\/api.w.org\/{rel}","templated":true}]}}