{"id":5008,"date":"2021-05-06T10:10:57","date_gmt":"2021-05-06T08:10:57","guid":{"rendered":"https:\/\/www.techservsn.com\/?page_id=5008"},"modified":"2021-06-28T02:01:13","modified_gmt":"2021-06-28T00:01:13","slug":"ressources-humaines","status":"publish","type":"page","link":"https:\/\/www.techservsn.com\/en\/nos-services\/cst\/ressources-humaines\/","title":{"rendered":"Human Resources"},"content":{"rendered":"\t\t<div data-elementor-type=\"wp-page\" data-elementor-id=\"5008\" class=\"elementor elementor-5008\">\n\t\t\t\t\t\t<section class=\"elementor-section elementor-top-section elementor-element elementor-element-21e5fc5 elementor-section-boxed elementor-section-height-default elementor-section-height-default\" data-id=\"21e5fc5\" data-element_type=\"section\" data-e-type=\"section\" data-settings=\"{&quot;background_background&quot;:&quot;classic&quot;}\">\n\t\t\t\t\t\t<div class=\"elementor-container elementor-column-gap-default\">\n\t\t\t\t\t<div class=\"elementor-column elementor-col-50 elementor-top-column elementor-element elementor-element-03589ae\" data-id=\"03589ae\" data-element_type=\"column\" data-e-type=\"column\" data-settings=\"{&quot;background_background&quot;:&quot;classic&quot;}\">\n\t\t\t<div class=\"elementor-widget-wrap elementor-element-populated\">\n\t\t\t\t\t\t<div class=\"elementor-element elementor-element-57e7a5a elementor-widget elementor-widget-heading\" data-id=\"57e7a5a\" data-element_type=\"widget\" data-e-type=\"widget\" data-widget_type=\"heading.default\">\n\t\t\t\t<div class=\"elementor-widget-container\">\n\t\t\t\t\t<h1 class=\"elementor-heading-title elementor-size-default\">Ressources Humaines\n<\/h1>\t\t\t\t<\/div>\n\t\t\t\t<\/div>\n\t\t\t\t<div class=\"elementor-element elementor-element-113da4e elementor-widget elementor-widget-spacer\" data-id=\"113da4e\" data-element_type=\"widget\" data-e-type=\"widget\" data-widget_type=\"spacer.default\">\n\t\t\t\t<div class=\"elementor-widget-container\">\n\t\t\t\t\t\t\t<div class=\"elementor-spacer\">\n\t\t\t<div class=\"elementor-spacer-inner\"><\/div>\n\t\t<\/div>\n\t\t\t\t\t\t<\/div>\n\t\t\t\t<\/div>\n\t\t\t\t<div class=\"elementor-element elementor-element-bf7cf42 elementor-widget elementor-widget-text-editor\" data-id=\"bf7cf42\" data-element_type=\"widget\" data-e-type=\"widget\" data-widget_type=\"text-editor.default\">\n\t\t\t\t<div class=\"elementor-widget-container\">\n\t\t\t\t\t\t\t\t\t<p>L\u2019\u00e9quipe CST est compos\u00e9e de trois (03) ing\u00e9nieurs, de quatre (04) techniciens sup\u00e9rieurs sp\u00e9cialis\u00e9s dans les \u00e9quipements m\u00e9dicaux.<\/p><p>Chaque agent poss\u00e8de une mallette individuelle de d\u00e9pannage ainsi qu\u2019un t\u00e9l\u00e9phone mobile et d\u2019un ordinateur portable ce qui facilite l\u2019assistance technique permanente pour les clients.<\/p><p><\/p>\t\t\t\t\t\t\t\t<\/div>\n\t\t\t\t<\/div>\n\t\t\t\t<div class=\"elementor-element elementor-element-c4b1cb8 elementor-widget elementor-widget-spacer\" data-id=\"c4b1cb8\" data-element_type=\"widget\" data-e-type=\"widget\" data-widget_type=\"spacer.default\">\n\t\t\t\t<div class=\"elementor-widget-container\">\n\t\t\t\t\t\t\t<div class=\"elementor-spacer\">\n\t\t\t<div class=\"elementor-spacer-inner\"><\/div>\n\t\t<\/div>\n\t\t\t\t\t\t<\/div>\n\t\t\t\t<\/div>\n\t\t\t\t<div class=\"elementor-element elementor-element-bd7a274 elementor-align-center elementor-widget elementor-widget-button\" data-id=\"bd7a274\" data-element_type=\"widget\" data-e-type=\"widget\" data-widget_type=\"button.default\">\n\t\t\t\t<div class=\"elementor-widget-container\">\n\t\t\t\t\t\t\t\t\t<div class=\"elementor-button-wrapper\">\n\t\t\t\t\t<a class=\"elementor-button elementor-button-link elementor-size-lg\" href=\"https:\/\/www.techservsn.com\/nos-services\/cst\/\">\n\t\t\t\t\t\t<span class=\"elementor-button-content-wrapper\">\n\t\t\t\t\t\t\t\t\t<span class=\"elementor-button-text\">Retour<\/span>\n\t\t\t\t\t<\/span>\n\t\t\t\t\t<\/a>\n\t\t\t\t<\/div>\n\t\t\t\t\t\t\t\t<\/div>\n\t\t\t\t<\/div>\n\t\t\t\t\t<\/div>\n\t\t<\/div>\n\t\t\t\t<div class=\"elementor-column elementor-col-50 elementor-top-column elementor-element elementor-element-adceead\" data-id=\"adceead\" data-element_type=\"column\" data-e-type=\"column\" data-settings=\"{&quot;background_background&quot;:&quot;classic&quot;}\">\n\t\t\t<div class=\"elementor-widget-wrap elementor-element-populated\">\n\t\t\t\t\t\t<div class=\"elementor-element elementor-element-1f57028 elementor-widget elementor-widget-spacer\" data-id=\"1f57028\" data-element_type=\"widget\" data-e-type=\"widget\" data-widget_type=\"spacer.default\">\n\t\t\t\t<div class=\"elementor-widget-container\">\n\t\t\t\t\t\t\t<div class=\"elementor-spacer\">\n\t\t\t<div class=\"elementor-spacer-inner\"><\/div>\n\t\t<\/div>\n\t\t\t\t\t\t<\/div>\n\t\t\t\t<\/div>\n\t\t\t\t<div class=\"elementor-element elementor-element-f1d9112 elementor-widget elementor-widget-image\" data-id=\"f1d9112\" data-element_type=\"widget\" data-e-type=\"widget\" data-widget_type=\"image.default\">\n\t\t\t\t<div class=\"elementor-widget-container\">\n\t\t\t\t\t\t\t\t\t\t\t\t\t\t\t<img fetchpriority=\"high\" decoding=\"async\" width=\"1024\" height=\"636\" src=\"https:\/\/www.techservsn.com\/wp-content\/uploads\/2021\/05\/WhatsApp-Image-2020-09-10-at-22.23.31-1024x636.jpeg\" class=\"attachment-large size-large wp-image-4223\" alt=\"\" srcset=\"https:\/\/www.techservsn.com\/wp-content\/uploads\/2021\/05\/WhatsApp-Image-2020-09-10-at-22.23.31-1024x636.jpeg 1024w, https:\/\/www.techservsn.com\/wp-content\/uploads\/2021\/05\/WhatsApp-Image-2020-09-10-at-22.23.31-300x186.jpeg 300w, https:\/\/www.techservsn.com\/wp-content\/uploads\/2021\/05\/WhatsApp-Image-2020-09-10-at-22.23.31-500x311.jpeg 500w, https:\/\/www.techservsn.com\/wp-content\/uploads\/2021\/05\/WhatsApp-Image-2020-09-10-at-22.23.31.jpeg 1040w\" sizes=\"(max-width: 1024px) 100vw, 1024px\" \/>\t\t\t\t\t\t\t\t\t\t\t\t\t\t\t<\/div>\n\t\t\t\t<\/div>\n\t\t\t\t<div class=\"elementor-element elementor-element-77c2654 elementor-widget elementor-widget-spacer\" data-id=\"77c2654\" data-element_type=\"widget\" data-e-type=\"widget\" data-widget_type=\"spacer.default\">\n\t\t\t\t<div class=\"elementor-widget-container\">\n\t\t\t\t\t\t\t<div class=\"elementor-spacer\">\n\t\t\t<div class=\"elementor-spacer-inner\"><\/div>\n\t\t<\/div>\n\t\t\t\t\t\t<\/div>\n\t\t\t\t<\/div>\n\t\t\t\t\t<\/div>\n\t\t<\/div>\n\t\t\t\t\t<\/div>\n\t\t<\/section>\n\t\t\t\t<\/div>\n\t\t","protected":false},"excerpt":{"rendered":"<p>Human Resources The after sales service is composed of three (03) engineers, four (04) senior technicians specialised in medical equipment. Each agent has an individual repair kit as well as a mobile phone and a laptop computer, which facilitates permanent technical assistance for customers. Return<\/p>\n","protected":false},"author":1,"featured_media":0,"parent":3895,"menu_order":0,"comment_status":"closed","ping_status":"closed","template":"","meta":{"footnotes":""},"class_list":["post-5008","page","type-page","status-publish","hentry"],"_links":{"self":[{"href":"https:\/\/www.techservsn.com\/en\/wp-json\/wp\/v2\/pages\/5008","targetHints":{"allow":["GET"]}}],"collection":[{"href":"https:\/\/www.techservsn.com\/en\/wp-json\/wp\/v2\/pages"}],"about":[{"href":"https:\/\/www.techservsn.com\/en\/wp-json\/wp\/v2\/types\/page"}],"author":[{"embeddable":true,"href":"https:\/\/www.techservsn.com\/en\/wp-json\/wp\/v2\/users\/1"}],"replies":[{"embeddable":true,"href":"https:\/\/www.techservsn.com\/en\/wp-json\/wp\/v2\/comments?post=5008"}],"version-history":[{"count":36,"href":"https:\/\/www.techservsn.com\/en\/wp-json\/wp\/v2\/pages\/5008\/revisions"}],"predecessor-version":[{"id":7034,"href":"https:\/\/www.techservsn.com\/en\/wp-json\/wp\/v2\/pages\/5008\/revisions\/7034"}],"up":[{"embeddable":true,"href":"https:\/\/www.techservsn.com\/en\/wp-json\/wp\/v2\/pages\/3895"}],"wp:attachment":[{"href":"https:\/\/www.techservsn.com\/en\/wp-json\/wp\/v2\/media?parent=5008"}],"curies":[{"name":"wp","href":"https:\/\/api.w.org\/{rel}","templated":true}]}}