{"id":3897,"date":"2021-05-01T14:04:54","date_gmt":"2021-05-01T12:04:54","guid":{"rendered":"https:\/\/www.techservsn.com\/?page_id=3897"},"modified":"2021-06-21T06:32:22","modified_gmt":"2021-06-21T04:32:22","slug":"projets-cles-en-main","status":"publish","type":"page","link":"https:\/\/www.techservsn.com\/en\/nos-services\/projets-cles-en-main\/","title":{"rendered":"Projets cl\u00e9s en main"},"content":{"rendered":"\t\t<div data-elementor-type=\"wp-page\" data-elementor-id=\"3897\" class=\"elementor elementor-3897\">\n\t\t\t\t\t\t<section class=\"elementor-section elementor-top-section elementor-element elementor-element-c47e07b elementor-section-stretched elementor-section-boxed elementor-section-height-default elementor-section-height-default\" data-id=\"c47e07b\" data-element_type=\"section\" data-e-type=\"section\" data-settings=\"{&quot;stretch_section&quot;:&quot;section-stretched&quot;,&quot;background_background&quot;:&quot;classic&quot;}\">\n\t\t\t\t\t\t<div class=\"elementor-container elementor-column-gap-custom\">\n\t\t\t\t\t<div class=\"elementor-column elementor-col-50 elementor-top-column elementor-element elementor-element-5cf3195\" data-id=\"5cf3195\" data-element_type=\"column\" data-e-type=\"column\">\n\t\t\t<div class=\"elementor-widget-wrap elementor-element-populated\">\n\t\t\t\t\t\t<div class=\"elementor-element elementor-element-0259cf2 elementor-widget elementor-widget-text-editor\" data-id=\"0259cf2\" data-element_type=\"widget\" data-e-type=\"widget\" data-widget_type=\"text-editor.default\">\n\t\t\t\t<div class=\"elementor-widget-container\">\n\t\t\t\t\t\t\t\t\t<p>Nos ing\u00e9nieurs vous accompagnent dans la d\u00e9finition et la mise en \u0153uvre de votre projet cl\u00e9 en main partout au S\u00e9n\u00e9gal, en vous offrant la meilleure solution technique et l\u2019assistance n\u00e9cessaire.<\/p><p>Quelle que soit la taille de votre projet, nous vous proposons des prestations adapt\u00e9es \u00e0 vos besoins pour une solution sur mesure : notre \u00e9quipe pluridisciplinaire d\u2019ing\u00e9nieurs vous accompagne tout au long de l\u2019ex\u00e9cution de votre projet, depuis l\u2019identification de vos besoins jusqu\u2019au d\u00e9marrage des op\u00e9rations. Notre organisation a pour but la finalisation et la r\u00e9ussite de votre projet dans les meilleurs d\u00e9lais et conditions.<\/p><p>Nous mettons \u00e0 votre disposition un savoir-faire et une exp\u00e9rience de nombreuses ann\u00e9es: \u00e9tudes de faisabilit\u00e9 technique et financi\u00e8re, sch\u00e9mas d\u2019implantation, plans, conseils, gamme compl\u00e8te d\u2019\u00e9quipements biom\u00e9dicaux, ainsi que l\u2019ensemble des services li\u00e9s \u00e0 de tels projets : pr\u00e9paration de site, installation, r\u00e9ception, mise en service, assistance au d\u00e9marrage, formation et maintenance.<\/p>\t\t\t\t\t\t\t\t<\/div>\n\t\t\t\t<\/div>\n\t\t\t\t\t<\/div>\n\t\t<\/div>\n\t\t\t\t<div class=\"elementor-column elementor-col-50 elementor-top-column elementor-element elementor-element-cd1f42a\" data-id=\"cd1f42a\" data-element_type=\"column\" data-e-type=\"column\">\n\t\t\t<div class=\"elementor-widget-wrap\">\n\t\t\t\t\t\t\t<\/div>\n\t\t<\/div>\n\t\t\t\t\t<\/div>\n\t\t<\/section>\n\t\t\t\t<\/div>\n\t\t","protected":false},"excerpt":{"rendered":"<p>Nos ing\u00e9nieurs vous accompagnent dans la d\u00e9finition et la mise en \u0153uvre de votre projet cl\u00e9 en main partout au S\u00e9n\u00e9gal, en vous offrant la meilleure solution technique et l\u2019assistance n\u00e9cessaire. Quelle que soit la taille de votre projet, nous vous proposons des prestations adapt\u00e9es \u00e0 vos besoins pour une solution sur mesure : notre&#8230;<\/p>\n","protected":false},"author":1,"featured_media":0,"parent":3893,"menu_order":0,"comment_status":"closed","ping_status":"closed","template":"","meta":{"footnotes":""},"class_list":["post-3897","page","type-page","status-publish","hentry"],"_links":{"self":[{"href":"https:\/\/www.techservsn.com\/en\/wp-json\/wp\/v2\/pages\/3897","targetHints":{"allow":["GET"]}}],"collection":[{"href":"https:\/\/www.techservsn.com\/en\/wp-json\/wp\/v2\/pages"}],"about":[{"href":"https:\/\/www.techservsn.com\/en\/wp-json\/wp\/v2\/types\/page"}],"author":[{"embeddable":true,"href":"https:\/\/www.techservsn.com\/en\/wp-json\/wp\/v2\/users\/1"}],"replies":[{"embeddable":true,"href":"https:\/\/www.techservsn.com\/en\/wp-json\/wp\/v2\/comments?post=3897"}],"version-history":[{"count":26,"href":"https:\/\/www.techservsn.com\/en\/wp-json\/wp\/v2\/pages\/3897\/revisions"}],"predecessor-version":[{"id":6417,"href":"https:\/\/www.techservsn.com\/en\/wp-json\/wp\/v2\/pages\/3897\/revisions\/6417"}],"up":[{"embeddable":true,"href":"https:\/\/www.techservsn.com\/en\/wp-json\/wp\/v2\/pages\/3893"}],"wp:attachment":[{"href":"https:\/\/www.techservsn.com\/en\/wp-json\/wp\/v2\/media?parent=3897"}],"curies":[{"name":"wp","href":"https:\/\/api.w.org\/{rel}","templated":true}]}}