{"id":3782,"date":"2021-04-28T05:42:34","date_gmt":"2021-04-28T03:42:34","guid":{"rendered":"https:\/\/www.techservsn.com\/?page_id=3782"},"modified":"2021-06-28T01:06:41","modified_gmt":"2021-06-27T23:06:41","slug":"qui-sommes-nous","status":"publish","type":"page","link":"https:\/\/www.techservsn.com\/en\/a-propos\/qui-sommes-nous\/","title":{"rendered":"Qui sommes-nous"},"content":{"rendered":"\t\t<div data-elementor-type=\"wp-page\" data-elementor-id=\"3782\" class=\"elementor elementor-3782\">\n\t\t\t\t\t\t<section class=\"elementor-section elementor-top-section elementor-element elementor-element-e823287 elementor-section-full_width elementor-section-stretched elementor-section-height-default elementor-section-height-default\" data-id=\"e823287\" data-element_type=\"section\" data-e-type=\"section\" data-settings=\"{&quot;stretch_section&quot;:&quot;section-stretched&quot;,&quot;background_background&quot;:&quot;classic&quot;}\">\n\t\t\t\t\t\t<div class=\"elementor-container elementor-column-gap-custom\">\n\t\t\t\t\t<div class=\"elementor-column elementor-col-100 elementor-top-column elementor-element elementor-element-649dae2\" data-id=\"649dae2\" data-element_type=\"column\" data-e-type=\"column\">\n\t\t\t<div class=\"elementor-widget-wrap elementor-element-populated\">\n\t\t\t\t\t\t<div class=\"elementor-element elementor-element-0929ee6 elementor-widget elementor-widget-heading\" data-id=\"0929ee6\" data-element_type=\"widget\" data-e-type=\"widget\" data-widget_type=\"heading.default\">\n\t\t\t\t<div class=\"elementor-widget-container\">\n\t\t\t\t\t<h2 class=\"elementor-heading-title elementor-size-xxl\">Qui sommes-nous\n<\/h2>\t\t\t\t<\/div>\n\t\t\t\t<\/div>\n\t\t\t\t\t<\/div>\n\t\t<\/div>\n\t\t\t\t\t<\/div>\n\t\t<\/section>\n\t\t\t\t<section class=\"elementor-section elementor-top-section elementor-element elementor-element-7433bef elementor-section-full_width elementor-section-stretched elementor-section-height-default elementor-section-height-default elementor-invisible\" data-id=\"7433bef\" data-element_type=\"section\" data-e-type=\"section\" data-settings=\"{&quot;stretch_section&quot;:&quot;section-stretched&quot;,&quot;background_background&quot;:&quot;classic&quot;,&quot;animation&quot;:&quot;fadeInLeft&quot;}\">\n\t\t\t\t\t\t<div class=\"elementor-container elementor-column-gap-custom\">\n\t\t\t\t\t<div class=\"elementor-column elementor-col-50 elementor-top-column elementor-element elementor-element-fea08e5\" data-id=\"fea08e5\" data-element_type=\"column\" data-e-type=\"column\" data-settings=\"{&quot;background_background&quot;:&quot;classic&quot;}\">\n\t\t\t<div class=\"elementor-widget-wrap elementor-element-populated\">\n\t\t\t\t\t\t<div class=\"elementor-element elementor-element-b437966 elementor-widget elementor-widget-text-editor\" data-id=\"b437966\" data-element_type=\"widget\" data-e-type=\"widget\" data-widget_type=\"text-editor.default\">\n\t\t\t\t<div class=\"elementor-widget-container\">\n\t\t\t\t\t\t\t\t\t<p>Une PME s\u00e9n\u00e9galaise cr\u00e9\u00e9e en 1990 avec une exp\u00e9rience riche consacr\u00e9e \u00e0 l\u2019am\u00e9lioration de la sant\u00e9.<\/p><ul><li>Une image forte de professionnalisme, d\u2019\u00e9thique et de rigueur ;<\/li><li>Une v\u00e9ritable place de leader et de locomotive reconnue dans la profession<\/li><li>Une \u00e9quipe pluridisciplinaire, dynamique et talentueuse aux comp\u00e9tences reconnues ;<\/li><li>Des ing\u00e9nieurs comp\u00e9tents, polyvalents et disponibles ;<\/li><li>Une logistique robuste et \u00e9prouv\u00e9e ;<\/li><li>Une administration efficace<\/li><\/ul><p>Technologies services a une activit\u00e9 centr\u00e9e sur le Laboratoire de Biologie dans ses premi\u00e8res ann\u00e9es qui a permis de valider une organisation rigoureuse et performante. Le d\u00e9veloppement de l\u2019offre de produits avec la signature de partenariats exclusifs pour l\u2019imagerie avec GENERAL ELECTRIC HEALTHCARE, la chirurgie et la cardiologie avec MEDTRONIC va transformer notre mix produit et porter le portefeuille de vente vers de nouveaux m\u00e9tiers. Le d\u00e9veloppement du SERVICE (formation et maintenance) en un v\u00e9ritable centre de profit constituera \u00e9galement une niche de croissance du chiffre d\u2019affaires.<\/p><p>Cette r\u00e9ussite, technologies Services la doit \u00e0 des ressources humaines motiv\u00e9es autour de Mme DEDEE BA GUEYE, directrice g\u00e9n\u00e9rale par une politique de gestion bas\u00e9e sur nos quatre axes strat\u00e9giques\u202f:<\/p><ul><li>La Satisfaction des exigences de nos clients,<\/li><li>Le d\u00e9veloppement de nos ressources humaines,<\/li><li>Une organisation dynamique et rigoureuse,<\/li><li>L\u2019accroissement de la rentabilit\u00e9 de nos activit\u00e9s.<\/li><\/ul><p><br \/><\/p>\t\t\t\t\t\t\t\t<\/div>\n\t\t\t\t<\/div>\n\t\t\t\t\t<\/div>\n\t\t<\/div>\n\t\t\t\t<div class=\"elementor-column elementor-col-50 elementor-top-column elementor-element elementor-element-7667bdf\" data-id=\"7667bdf\" data-element_type=\"column\" data-e-type=\"column\" data-settings=\"{&quot;background_background&quot;:&quot;classic&quot;,&quot;animation&quot;:&quot;none&quot;}\">\n\t\t\t<div class=\"elementor-widget-wrap elementor-element-populated\">\n\t\t\t\t\t\t<div class=\"elementor-element elementor-element-206b2d3 elementor-widget elementor-widget-image\" data-id=\"206b2d3\" data-element_type=\"widget\" data-e-type=\"widget\" data-widget_type=\"image.default\">\n\t\t\t\t<div class=\"elementor-widget-container\">\n\t\t\t\t\t\t\t\t\t\t\t\t\t\t\t<img fetchpriority=\"high\" decoding=\"async\" width=\"608\" height=\"878\" src=\"https:\/\/www.techservsn.com\/wp-content\/uploads\/2021\/06\/siege_techserv.png\" class=\"attachment-large size-large wp-image-5980\" alt=\"\" srcset=\"https:\/\/www.techservsn.com\/wp-content\/uploads\/2021\/06\/siege_techserv.png 608w, https:\/\/www.techservsn.com\/wp-content\/uploads\/2021\/06\/siege_techserv-208x300.png 208w, https:\/\/www.techservsn.com\/wp-content\/uploads\/2021\/06\/siege_techserv-500x722.png 500w\" sizes=\"(max-width: 608px) 100vw, 608px\" \/>\t\t\t\t\t\t\t\t\t\t\t\t\t\t\t<\/div>\n\t\t\t\t<\/div>\n\t\t\t\t\t<\/div>\n\t\t<\/div>\n\t\t\t\t\t<\/div>\n\t\t<\/section>\n\t\t\t\t<section class=\"elementor-section elementor-top-section elementor-element elementor-element-0adb14d elementor-section-boxed elementor-section-height-default elementor-section-height-default\" data-id=\"0adb14d\" data-element_type=\"section\" data-e-type=\"section\">\n\t\t\t\t\t\t<div class=\"elementor-container elementor-column-gap-default\">\n\t\t\t\t\t<div class=\"elementor-column elementor-col-100 elementor-top-column elementor-element elementor-element-763be1c\" data-id=\"763be1c\" data-element_type=\"column\" data-e-type=\"column\">\n\t\t\t<div class=\"elementor-widget-wrap elementor-element-populated\">\n\t\t\t\t\t\t<div class=\"elementor-element elementor-element-dd215f5 elementor-widget elementor-widget-bdt-timeline\" data-id=\"dd215f5\" data-element_type=\"widget\" data-e-type=\"widget\" data-widget_type=\"bdt-timeline.default\">\n\t\t\t\t<div class=\"elementor-widget-container\">\n\t\t\t\t\t      <div id=\"bdt-timeline-dd215f5\" class=\"bdt-timeline bdt-timeline-skin-default bdt-timeline-center\" >\n        <div class=\"bdt-grid bdt-grid-collapse\" bdt-grid>\n            \n\n              <div\n                  class=\" bdt-width-1-2@m bdt-timeline-item left-part\">\n\n                <div class=\"bdt-timeline-item-main-wrapper\">\n                  <div class=\"bdt-timeline-line\"><span><\/span><\/div>\n                  <div class=\"bdt-timeline-item-main-container\">\n                      \n                    <div class=\"bdt-timeline-icon\">\n\t\n\t\t\t\t  \t\t\t\t\t<span>\n\t\t\t\t  \t\t\t\t\t\t\n\t\t\t\t  \t\t\t\t\t                        <i aria-hidden=\"true\" class=\"fas fa-file-alt\"><\/i>                    \n\t\t\t\t  \t\t\t\t\t<\/span>\n\n                    <\/div>\n                            <div class=\"bdt-timeline-item-main\">\n        <span class=\"bdt-timeline-arrow\"><\/span>\n\n          \n        <div class=\"bdt-timeline-desc bdt-padding\">\n                    <h5 class=\"bdt-timeline-title\">\n                            <span>Ann\u00e9e de cr\u00e9ation<\/span>\n                    <\/h5>\n                                                    <\/div>\n      <\/div>\n                          <\/div>\n                <\/div>\n              <\/div>\n\n                                      <div class=\"bdt-timeline-item bdt-width-1-2@m bdt-visible@m\">\n        <div class=\"bdt-timeline-date bdt-text-\">\n          <span>1990<\/span><\/div>\n      <\/div>\n                    \n                                      <div class=\"bdt-timeline-item bdt-width-1-2@m bdt-visible@m\">\n        <div class=\"bdt-timeline-date bdt-text-right\">\n          <span> 2000<\/span><\/div>\n      <\/div>\n                        \n\n              <div\n                  class=\" bdt-width-1-2@m bdt-timeline-item right-part\">\n\n                <div class=\"bdt-timeline-item-main-wrapper\">\n                  <div class=\"bdt-timeline-line\"><span><\/span><\/div>\n                  <div class=\"bdt-timeline-item-main-container\">\n                      \n                    <div class=\"bdt-timeline-icon\">\n\t\n\t\t\t\t  \t\t\t\t\t<span>\n\t\t\t\t  \t\t\t\t\t\t\n\t\t\t\t  \t\t\t\t\t                        <i aria-hidden=\"true\" class=\"fas fa-file-alt\"><\/i>                    \n\t\t\t\t  \t\t\t\t\t<\/span>\n\n                    <\/div>\n                            <div class=\"bdt-timeline-item-main\">\n        <span class=\"bdt-timeline-arrow\"><\/span>\n\n          \n        <div class=\"bdt-timeline-desc bdt-padding\">\n                    <h5 class=\"bdt-timeline-title\">\n                            <span>1er appel d&#039;offre gagn\u00e9 \u00e0 H.A.L.D<\/span>\n                    <\/h5>\n                                                    <\/div>\n      <\/div>\n                          <\/div>\n                <\/div>\n              <\/div>\n\n                \n            \n\n              <div\n                  class=\" bdt-width-1-2@m bdt-timeline-item left-part\">\n\n                <div class=\"bdt-timeline-item-main-wrapper\">\n                  <div class=\"bdt-timeline-line\"><span><\/span><\/div>\n                  <div class=\"bdt-timeline-item-main-container\">\n                      \n                    <div class=\"bdt-timeline-icon\">\n\t\n\t\t\t\t  \t\t\t\t\t<span>\n\t\t\t\t  \t\t\t\t\t\t\n\t\t\t\t  \t\t\t\t\t                        <i aria-hidden=\"true\" class=\"fas fa-file-alt\"><\/i>                    \n\t\t\t\t  \t\t\t\t\t<\/span>\n\n                    <\/div>\n                            <div class=\"bdt-timeline-item-main\">\n        <span class=\"bdt-timeline-arrow\"><\/span>\n\n          \n        <div class=\"bdt-timeline-desc bdt-padding\">\n                    <h5 class=\"bdt-timeline-title\">\n                            <span>Appel d&#039;offre Minist\u00e9re de la Sant\u00e9 P10<\/span>\n                    <\/h5>\n                                                    <\/div>\n      <\/div>\n                          <\/div>\n                <\/div>\n              <\/div>\n\n                                      <div class=\"bdt-timeline-item bdt-width-1-2@m bdt-visible@m\">\n        <div class=\"bdt-timeline-date bdt-text-\">\n          <span> 2004<\/span><\/div>\n      <\/div>\n                    \n                                      <div class=\"bdt-timeline-item bdt-width-1-2@m bdt-visible@m\">\n        <div class=\"bdt-timeline-date bdt-text-right\">\n          <span> 2008<\/span><\/div>\n      <\/div>\n                        \n\n              <div\n                  class=\" bdt-width-1-2@m bdt-timeline-item right-part\">\n\n                <div class=\"bdt-timeline-item-main-wrapper\">\n                  <div class=\"bdt-timeline-line\"><span><\/span><\/div>\n                  <div class=\"bdt-timeline-item-main-container\">\n                      \n                    <div class=\"bdt-timeline-icon\">\n\t\n\t\t\t\t  \t\t\t\t\t<span>\n\t\t\t\t  \t\t\t\t\t\t\n\t\t\t\t  \t\t\t\t\t                        <i aria-hidden=\"true\" class=\"fas fa-file-alt\"><\/i>                    \n\t\t\t\t  \t\t\t\t\t<\/span>\n\n                    <\/div>\n                            <div class=\"bdt-timeline-item-main\">\n        <span class=\"bdt-timeline-arrow\"><\/span>\n\n          \n        <div class=\"bdt-timeline-desc bdt-padding\">\n                    <h5 class=\"bdt-timeline-title\">\n                            <span>Certification ISO-9001 version 2008<\/span>\n                    <\/h5>\n                                                    <\/div>\n      <\/div>\n                          <\/div>\n                <\/div>\n              <\/div>\n\n                \n            \n\n              <div\n                  class=\" bdt-width-1-2@m bdt-timeline-item left-part\">\n\n                <div class=\"bdt-timeline-item-main-wrapper\">\n                  <div class=\"bdt-timeline-line\"><span><\/span><\/div>\n                  <div class=\"bdt-timeline-item-main-container\">\n                      \n                    <div class=\"bdt-timeline-icon\">\n\t\n\t\t\t\t  \t\t\t\t\t<span>\n\t\t\t\t  \t\t\t\t\t\t\n\t\t\t\t  \t\t\t\t\t                        <i aria-hidden=\"true\" class=\"fas fa-file-alt\"><\/i>                    \n\t\t\t\t  \t\t\t\t\t<\/span>\n\n                    <\/div>\n                            <div class=\"bdt-timeline-item-main\">\n        <span class=\"bdt-timeline-arrow\"><\/span>\n\n          \n        <div class=\"bdt-timeline-desc bdt-padding\">\n                    <h5 class=\"bdt-timeline-title\">\n                            <span>Cr\u00e9ation d\u00e9partement Imagerie M\u00e9dicale<\/span>\n                    <\/h5>\n                                                    <\/div>\n      <\/div>\n                          <\/div>\n                <\/div>\n              <\/div>\n\n                                      <div class=\"bdt-timeline-item bdt-width-1-2@m bdt-visible@m\">\n        <div class=\"bdt-timeline-date bdt-text-\">\n          <span>2014<\/span><\/div>\n      <\/div>\n                    \n                                      <div class=\"bdt-timeline-item bdt-width-1-2@m bdt-visible@m\">\n        <div class=\"bdt-timeline-date bdt-text-right\">\n          <span>2016<\/span><\/div>\n      <\/div>\n                        \n\n              <div\n                  class=\" bdt-width-1-2@m bdt-timeline-item right-part\">\n\n                <div class=\"bdt-timeline-item-main-wrapper\">\n                  <div class=\"bdt-timeline-line\"><span><\/span><\/div>\n                  <div class=\"bdt-timeline-item-main-container\">\n                      \n                    <div class=\"bdt-timeline-icon\">\n\t\n\t\t\t\t  \t\t\t\t\t<span>\n\t\t\t\t  \t\t\t\t\t\t\n\t\t\t\t  \t\t\t\t\t                        <i aria-hidden=\"true\" class=\"fas fa-file-alt\"><\/i>                    \n\t\t\t\t  \t\t\t\t\t<\/span>\n\n                    <\/div>\n                            <div class=\"bdt-timeline-item-main\">\n        <span class=\"bdt-timeline-arrow\"><\/span>\n\n          \n        <div class=\"bdt-timeline-desc bdt-padding\">\n                    <h5 class=\"bdt-timeline-title\">\n                            <span>Cr\u00e9ation d\u00e9partement Chirurgie et Sp\u00e9cialit\u00e9s<\/span>\n                    <\/h5>\n                                                    <\/div>\n      <\/div>\n                          <\/div>\n                <\/div>\n              <\/div>\n\n                \n            \n\n              <div\n                  class=\" bdt-width-1-2@m bdt-timeline-item left-part\">\n\n                <div class=\"bdt-timeline-item-main-wrapper\">\n                  <div class=\"bdt-timeline-line\"><span><\/span><\/div>\n                  <div class=\"bdt-timeline-item-main-container\">\n                      \n                    <div class=\"bdt-timeline-icon\">\n\t\n\t\t\t\t  \t\t\t\t\t<span>\n\t\t\t\t  \t\t\t\t\t\t\n\t\t\t\t  \t\t\t\t\t                        <i aria-hidden=\"true\" class=\"fas fa-file-alt\"><\/i>                    \n\t\t\t\t  \t\t\t\t\t<\/span>\n\n                    <\/div>\n                            <div class=\"bdt-timeline-item-main\">\n        <span class=\"bdt-timeline-arrow\"><\/span>\n\n          \n        <div class=\"bdt-timeline-desc bdt-padding\">\n                    <h5 class=\"bdt-timeline-title\">\n                            <span>Inauguration du nouveau si\u00e9ge social de technologies Services<\/span>\n                    <\/h5>\n                                                    <\/div>\n      <\/div>\n                          <\/div>\n                <\/div>\n              <\/div>\n\n                                      <div class=\"bdt-timeline-item bdt-width-1-2@m bdt-visible@m\">\n        <div class=\"bdt-timeline-date bdt-text-\">\n          <span>Avril 2016<\/span><\/div>\n      <\/div>\n                    \n                                      <div class=\"bdt-timeline-item bdt-width-1-2@m bdt-visible@m\">\n        <div class=\"bdt-timeline-date bdt-text-right\">\n          <span>D\u00e9cembre 2016<\/span><\/div>\n      <\/div>\n                        \n\n              <div\n                  class=\" bdt-width-1-2@m bdt-timeline-item right-part\">\n\n                <div class=\"bdt-timeline-item-main-wrapper\">\n                  <div class=\"bdt-timeline-line\"><span><\/span><\/div>\n                  <div class=\"bdt-timeline-item-main-container\">\n                      \n                    <div class=\"bdt-timeline-icon\">\n\t\n\t\t\t\t  \t\t\t\t\t<span>\n\t\t\t\t  \t\t\t\t\t\t\n\t\t\t\t  \t\t\t\t\t                        <i aria-hidden=\"true\" class=\"fas fa-file-alt\"><\/i>                    \n\t\t\t\t  \t\t\t\t\t<\/span>\n\n                    <\/div>\n                            <div class=\"bdt-timeline-item-main\">\n        <span class=\"bdt-timeline-arrow\"><\/span>\n\n          \n        <div class=\"bdt-timeline-desc bdt-padding\">\n                    <h5 class=\"bdt-timeline-title\">\n                            <span>1er Scanner install\u00e9 par technologies Services<\/span>\n                    <\/h5>\n                                                    <\/div>\n      <\/div>\n                          <\/div>\n                <\/div>\n              <\/div>\n\n                \n            \n\n              <div\n                  class=\" bdt-width-1-2@m bdt-timeline-item left-part\">\n\n                <div class=\"bdt-timeline-item-main-wrapper\">\n                  <div class=\"bdt-timeline-line\"><span><\/span><\/div>\n                  <div class=\"bdt-timeline-item-main-container\">\n                      \n                    <div class=\"bdt-timeline-icon\">\n\t\n\t\t\t\t  \t\t\t\t\t<span>\n\t\t\t\t  \t\t\t\t\t\t\n\t\t\t\t  \t\t\t\t\t                        <i aria-hidden=\"true\" class=\"fas fa-file-alt\"><\/i>                    \n\t\t\t\t  \t\t\t\t\t<\/span>\n\n                    <\/div>\n                            <div class=\"bdt-timeline-item-main\">\n        <span class=\"bdt-timeline-arrow\"><\/span>\n\n          \n        <div class=\"bdt-timeline-desc bdt-padding\">\n                    <h5 class=\"bdt-timeline-title\">\n                            <span>1\u00e9re Mammographie num\u00e9rique de l&#039;Afrique de l&#039;Ouest install\u00e9e par technologies Services<\/span>\n                    <\/h5>\n                                                    <\/div>\n      <\/div>\n                          <\/div>\n                <\/div>\n              <\/div>\n\n                                      <div class=\"bdt-timeline-item bdt-width-1-2@m bdt-visible@m\">\n        <div class=\"bdt-timeline-date bdt-text-\">\n          <span>2018<\/span><\/div>\n      <\/div>\n                    \n                                      <div class=\"bdt-timeline-item bdt-width-1-2@m bdt-visible@m\">\n        <div class=\"bdt-timeline-date bdt-text-right\">\n          <span>2019<\/span><\/div>\n      <\/div>\n                        \n\n              <div\n                  class=\" bdt-width-1-2@m bdt-timeline-item right-part\">\n\n                <div class=\"bdt-timeline-item-main-wrapper\">\n                  <div class=\"bdt-timeline-line\"><span><\/span><\/div>\n                  <div class=\"bdt-timeline-item-main-container\">\n                      \n                    <div class=\"bdt-timeline-icon\">\n\t\n\t\t\t\t  \t\t\t\t\t<span>\n\t\t\t\t  \t\t\t\t\t\t\n\t\t\t\t  \t\t\t\t\t                        <i aria-hidden=\"true\" class=\"fas fa-file-alt\"><\/i>                    \n\t\t\t\t  \t\t\t\t\t<\/span>\n\n                    <\/div>\n                            <div class=\"bdt-timeline-item-main\">\n        <span class=\"bdt-timeline-arrow\"><\/span>\n\n          \n        <div class=\"bdt-timeline-desc bdt-padding\">\n                    <h5 class=\"bdt-timeline-title\">\n                            <span>R\u00e9alisation Projet Cl\u00e9s en Main de la salle Angiographie et Coronarographie de H.P.D <\/span>\n                    <\/h5>\n                                                    <\/div>\n      <\/div>\n                          <\/div>\n                <\/div>\n              <\/div>\n\n                \n            \n        <\/div>\n      <\/div>\n        \t\t\t\t<\/div>\n\t\t\t\t<\/div>\n\t\t\t\t\t<\/div>\n\t\t<\/div>\n\t\t\t\t\t<\/div>\n\t\t<\/section>\n\t\t\t\t<\/div>\n\t\t","protected":false},"excerpt":{"rendered":"<p>Who we are A Senegalese SME established in 1990 with a wealth of experience dedicated to improving health. A strong image of professionalism, ethics and rigour; A genuine place as a leader and a recognised powerhouse in the profession A multidisciplinary, dynamic and talented team with recognised skills; Competent, versatile and available engineers; A robust&#8230;<\/p>\n","protected":false},"author":1,"featured_media":0,"parent":3780,"menu_order":0,"comment_status":"closed","ping_status":"closed","template":"","meta":{"footnotes":""},"class_list":["post-3782","page","type-page","status-publish","hentry"],"_links":{"self":[{"href":"https:\/\/www.techservsn.com\/en\/wp-json\/wp\/v2\/pages\/3782","targetHints":{"allow":["GET"]}}],"collection":[{"href":"https:\/\/www.techservsn.com\/en\/wp-json\/wp\/v2\/pages"}],"about":[{"href":"https:\/\/www.techservsn.com\/en\/wp-json\/wp\/v2\/types\/page"}],"author":[{"embeddable":true,"href":"https:\/\/www.techservsn.com\/en\/wp-json\/wp\/v2\/users\/1"}],"replies":[{"embeddable":true,"href":"https:\/\/www.techservsn.com\/en\/wp-json\/wp\/v2\/comments?post=3782"}],"version-history":[{"count":175,"href":"https:\/\/www.techservsn.com\/en\/wp-json\/wp\/v2\/pages\/3782\/revisions"}],"predecessor-version":[{"id":6646,"href":"https:\/\/www.techservsn.com\/en\/wp-json\/wp\/v2\/pages\/3782\/revisions\/6646"}],"up":[{"embeddable":true,"href":"https:\/\/www.techservsn.com\/en\/wp-json\/wp\/v2\/pages\/3780"}],"wp:attachment":[{"href":"https:\/\/www.techservsn.com\/en\/wp-json\/wp\/v2\/media?parent=3782"}],"curies":[{"name":"wp","href":"https:\/\/api.w.org\/{rel}","templated":true}]}}